{"id":51,"date":"2020-04-13T13:27:07","date_gmt":"2020-04-13T11:27:07","guid":{"rendered":"http:\/\/liketeaalot.com\/?page_id=51"},"modified":"2025-08-08T13:02:20","modified_gmt":"2025-08-08T13:02:20","slug":"o-cemu-se-ovdje-radi","status":"publish","type":"page","link":"https:\/\/liketeaalot.com\/hr\/o-cemu-se-ovdje-radi\/","title":{"rendered":"O \u010demu se ovdje radi"},"content":{"rendered":"\n<div class=\"wp-block-group\"><div class=\"wp-block-group__inner-container is-layout-flow wp-block-group-is-layout-flow\"><div class=\"wp-block-image is-resized\">\n<figure class=\"aligncenter size-full\"><img data-recalc-dims=\"1\" loading=\"lazy\" decoding=\"async\" width=\"157\" height=\"167\" src=\"https:\/\/i0.wp.com\/liketeaalot.com\/wp-content\/uploads\/2025\/08\/logo-chai.jpg?resize=157%2C167&#038;ssl=1\" alt=\"Logo\" class=\"wp-image-2845\" style=\"width:238px;height:auto\" srcset=\"https:\/\/i0.wp.com\/liketeaalot.com\/wp-content\/uploads\/2025\/08\/logo-chai.jpg?w=157&amp;ssl=1 157w, https:\/\/i0.wp.com\/liketeaalot.com\/wp-content\/uploads\/2025\/08\/logo-chai.jpg?resize=11%2C12&amp;ssl=1 11w\" sizes=\"auto, (max-width: 157px) 100vw, 157px\" \/><figcaption class=\"wp-element-caption\">Logo za nadolaze\u0107u liniju Cro-pribora za \u010daj<\/figcaption><\/figure>\n<\/div><\/div><\/div>\n\n\n\n<figure class=\"wp-block-pullquote is-style-default has-border-color has-very-dark-gray-color has-text-color\" style=\"border-color:#313131\"><blockquote><p>\u010caj je umjetni\u010dko djelo i treba mu ruka majstora da otkrije svoje najplemenitije osobine.<\/p><cite>Okakura Kakuzo (The Book of Tea &#8211; 1906.)<\/cite><\/blockquote><\/figure>\n\n\n\n<p>Dobrodo\u0161li na liketeaalot Blog, mjesto gdje nastojimo postati vrhunski izvor informacija o \u010daju u Hrvatskoj. Na\u0161a strastvena istra\u017eivanja usmjerena su na otkrivanje iznimnih zdravstvenih prednosti zelenog \u010daja, kao i drugih biljnih i vo\u0107nih infuzija koje se s ljubavlju nazivaju \u010dajem. Prokopavamo duboko u zna\u010denje \u010daja u razli\u010ditim kulturama diljem svijeta.<\/p>\n\n\n\n<p>Na\u0161 krajnji cilj je podijeliti s vama ne samo bogatstvo informacija, ve\u0107 i na\u0161u strast prema \u010daju, pru\u017eaju\u0107i vam zanimljiv i inspirativan sadr\u017eaj. Pozivamo vas da zajedno s nama zaronite u svu ljepotu i slo\u017eenost ovog fenomenalnog napitka. Kroz na\u0161e \u010dlanke, \u017eelimo vas odvesti na putovanje gdje nema mjesta za galamu, stres, u\u017eurbanost i sve ono negativno \u0161to nam moderno doba \u010desto donosi. <\/p>\n\n\n\n<p>Dopustite \u010daju da vas povede na mjesto gdje svakodnevica postaje oaza mira i u\u017eivanja.<\/p>\n\n\n\n<p>Zadovoljstvo nam je predstaviti na\u0161 novi logo. Novi logo izradila je mlada dizajnerica u nastajanju. On predstavlja ono \u0161to ovaj blog jest: blog o \u010daju na hrvatskom jeziku s ambicijom da postane mjesto gdje se najbolje mo\u017eete informirati o \u010daju na hrvatskom jeziku i gdje \u0107e te po prihvatljivim cijenama mo\u0107i kupovati unikatni, ru\u010dno ra\u0111eni pribor za \u010daj, hrvatskog brenda i dalekoisto\u010dnog dizajna.  <\/p>\n\n\n\n<p>Logo prikazuje op\u0107eprihva\u0107enu rije\u010d za \u010daj &#8211; <em>CHAI<\/em>, napisanu glagoljicom koja prikazuje ritual ispijanja \u010daja: \u010dajnik, \u0161alica i vaza s cvijetom u njoj.<\/p>\n\n\n\n<figure class=\"wp-block-gallery has-nested-images columns-default is-cropped wp-block-gallery-1 is-layout-flex wp-block-gallery-is-layout-flex\">\n<figure class=\"wp-block-image size-large is-style-rounded\"><img data-recalc-dims=\"1\" loading=\"lazy\" decoding=\"async\" width=\"300\" height=\"300\" data-id=\"2854\" src=\"https:\/\/i0.wp.com\/liketeaalot.com\/wp-content\/uploads\/2025\/08\/Glagolitic_Letter_Square_Tsi-C-1.png?resize=300%2C300&#038;ssl=1\" alt=\"\" class=\"wp-image-2854\" srcset=\"https:\/\/i0.wp.com\/liketeaalot.com\/wp-content\/uploads\/2025\/08\/Glagolitic_Letter_Square_Tsi-C-1.png?w=300&amp;ssl=1 300w, https:\/\/i0.wp.com\/liketeaalot.com\/wp-content\/uploads\/2025\/08\/Glagolitic_Letter_Square_Tsi-C-1.png?resize=150%2C150&amp;ssl=1 150w, https:\/\/i0.wp.com\/liketeaalot.com\/wp-content\/uploads\/2025\/08\/Glagolitic_Letter_Square_Tsi-C-1.png?resize=12%2C12&amp;ssl=1 12w\" sizes=\"auto, (max-width: 300px) 100vw, 300px\" \/><figcaption class=\"wp-element-caption\"><strong>C<\/strong><\/figcaption><\/figure>\n\n\n\n<figure class=\"wp-block-image size-large is-style-rounded\"><img data-recalc-dims=\"1\" loading=\"lazy\" decoding=\"async\" width=\"300\" height=\"300\" data-id=\"2856\" src=\"https:\/\/i0.wp.com\/liketeaalot.com\/wp-content\/uploads\/2025\/08\/Glagolitic_Letter_Square_Heru-H-1.png?resize=300%2C300&#038;ssl=1\" alt=\"\" class=\"wp-image-2856\" srcset=\"https:\/\/i0.wp.com\/liketeaalot.com\/wp-content\/uploads\/2025\/08\/Glagolitic_Letter_Square_Heru-H-1.png?w=300&amp;ssl=1 300w, https:\/\/i0.wp.com\/liketeaalot.com\/wp-content\/uploads\/2025\/08\/Glagolitic_Letter_Square_Heru-H-1.png?resize=150%2C150&amp;ssl=1 150w, https:\/\/i0.wp.com\/liketeaalot.com\/wp-content\/uploads\/2025\/08\/Glagolitic_Letter_Square_Heru-H-1.png?resize=12%2C12&amp;ssl=1 12w\" sizes=\"auto, (max-width: 300px) 100vw, 300px\" \/><figcaption class=\"wp-element-caption\"><strong>H<\/strong><\/figcaption><\/figure>\n\n\n\n<figure class=\"wp-block-image size-large is-style-rounded\"><img data-recalc-dims=\"1\" loading=\"lazy\" decoding=\"async\" width=\"300\" height=\"300\" data-id=\"2855\" src=\"https:\/\/i0.wp.com\/liketeaalot.com\/wp-content\/uploads\/2025\/08\/Glagoljica-A.png?resize=300%2C300&#038;ssl=1\" alt=\"\" class=\"wp-image-2855\" srcset=\"https:\/\/i0.wp.com\/liketeaalot.com\/wp-content\/uploads\/2025\/08\/Glagoljica-A.png?w=300&amp;ssl=1 300w, https:\/\/i0.wp.com\/liketeaalot.com\/wp-content\/uploads\/2025\/08\/Glagoljica-A.png?resize=150%2C150&amp;ssl=1 150w, https:\/\/i0.wp.com\/liketeaalot.com\/wp-content\/uploads\/2025\/08\/Glagoljica-A.png?resize=12%2C12&amp;ssl=1 12w\" sizes=\"auto, (max-width: 300px) 100vw, 300px\" \/><figcaption class=\"wp-element-caption\"><strong>A<\/strong><\/figcaption><\/figure>\n\n\n\n<figure class=\"wp-block-image size-large is-style-rounded\"><img data-recalc-dims=\"1\" loading=\"lazy\" decoding=\"async\" width=\"300\" height=\"240\" data-id=\"2866\" src=\"https:\/\/i0.wp.com\/liketeaalot.com\/wp-content\/uploads\/2025\/08\/Glagolitic_Letter_Square_I-1.png?resize=300%2C240&#038;ssl=1\" alt=\"\" class=\"wp-image-2866\" srcset=\"https:\/\/i0.wp.com\/liketeaalot.com\/wp-content\/uploads\/2025\/08\/Glagolitic_Letter_Square_I-1.png?w=300&amp;ssl=1 300w, https:\/\/i0.wp.com\/liketeaalot.com\/wp-content\/uploads\/2025\/08\/Glagolitic_Letter_Square_I-1.png?resize=15%2C12&amp;ssl=1 15w\" sizes=\"auto, (max-width: 300px) 100vw, 300px\" \/><figcaption class=\"wp-element-caption\"><strong>I<\/strong><\/figcaption><\/figure>\n<\/figure>\n\n\n\n<p>Glagoljica je najstarije slavensko pismo \u010diji se nastanak vezuje uz misionarski rad bra\u0107e \u0106irila i Metoda. Njih je bizantski car 863. g. poslao u Moravsku da tamo \u0161ire kr\u0161\u0107ansku vjeru me\u0111u slavenskim pu\u010danstvom. Tada su Sveta bra\u0107a odlu\u010dila prevesti bogoslu\u017ene knjige na staroslavenski jezik koji je bio razumljiv onda\u0161njem pu\u010danstvu. Kako se rije\u010di tog jezika nisu mogle pisati ni gr\u010dkim ni latinskim pismom, \u0106iril je izmislio novo pismo \u2013 glagoljicu.<br>Smr\u0107u \u0106irila i Metoda, ugasila se i glagoljica u Moravskoj, ali su njihovi u\u010denici prenosili pismo i \u0161irili njihove ideje na Zapadu i Jugu. Glagoljica se trajno zadr\u017eala jedino kod Hrvata, a najdu\u017ee se zadr\u017eala u Istri i primorskim krajevima Hrvatske i to ponajvi\u0161e u liturgijske svrhe. Sve do dvadesetih godina XX. st. u crkvama se \u010ditalo i pjevalo iz crkvenih knjiga pisanih glagoljicom, na staroslavenskom jeziku hrvatske redakcije. Sve\u0107enici glagolja\u0161i su svojim djelovanjem sna\u017eno obilje\u017eili istarsku kulturu i knji\u017eevnost kroz stolje\u0107a. U vrijeme glagolja\u0161tva najrazvijenije sredine bili su gradi\u0107i poput Ro\u010da i Huma. Iako je glagoljica bila crkveno pismo, njome su se ispisivale i oporuke, administrativni dokumenti, javne isprave, ugovori, njome su se slu\u017eili notari, komunalna uprava, itd. Zahvaljuju\u0107i glagoljskom pismu i glagolja\u0161ima, i do tada, neukog hrvatskog puka u ruralnim sredinama, barem djelomi\u010dno su dopirala kulturna, knji\u017eevna i duhovna dostignu\u0107a europskog srednjovjekovlja.<\/p>\n","protected":false},"excerpt":{"rendered":"<p>\u010caj je umjetni\u010dko djelo i treba mu ruka majstora da otkrije svoje najplemenitije osobine. Okakura Kakuzo (The Book of Tea &#8211; 1906.) Dobrodo\u0161li na liketeaalot Blog, mjesto gdje nastojimo postati vrhunski izvor informacija o \u010daju u Hrvatskoj. Na\u0161a strastvena istra\u017eivanja usmjerena su na otkrivanje iznimnih zdravstvenih prednosti zelenog \u010daja, kao i drugih biljnih i vo\u0107nih [&hellip;]<\/p>\n","protected":false},"author":1,"featured_media":0,"parent":0,"menu_order":0,"comment_status":"open","ping_status":"closed","template":"","meta":{"om_disable_all_campaigns":false,"_monsterinsights_skip_tracking":false,"_monsterinsights_sitenote_active":false,"_monsterinsights_sitenote_note":"","_monsterinsights_sitenote_category":0,"_uf_show_specific_survey":0,"_uf_disable_surveys":false,"advanced_seo_description":"","jetpack_seo_html_title":"","jetpack_seo_noindex":false,"footnotes":""},"class_list":["post-51","page","type-page","status-publish","hentry"],"jetpack_likes_enabled":true,"jetpack_sharing_enabled":true,"_links":{"self":[{"href":"https:\/\/liketeaalot.com\/hr\/wp-json\/wp\/v2\/pages\/51","targetHints":{"allow":["GET"]}}],"collection":[{"href":"https:\/\/liketeaalot.com\/hr\/wp-json\/wp\/v2\/pages"}],"about":[{"href":"https:\/\/liketeaalot.com\/hr\/wp-json\/wp\/v2\/types\/page"}],"author":[{"embeddable":true,"href":"https:\/\/liketeaalot.com\/hr\/wp-json\/wp\/v2\/users\/1"}],"replies":[{"embeddable":true,"href":"https:\/\/liketeaalot.com\/hr\/wp-json\/wp\/v2\/comments?post=51"}],"version-history":[{"count":5,"href":"https:\/\/liketeaalot.com\/hr\/wp-json\/wp\/v2\/pages\/51\/revisions"}],"predecessor-version":[{"id":2868,"href":"https:\/\/liketeaalot.com\/hr\/wp-json\/wp\/v2\/pages\/51\/revisions\/2868"}],"wp:attachment":[{"href":"https:\/\/liketeaalot.com\/hr\/wp-json\/wp\/v2\/media?parent=51"}],"curies":[{"name":"wp","href":"https:\/\/api.w.org\/{rel}","templated":true}]}}